{"id":7696,"date":"2025-09-03T12:51:11","date_gmt":"2025-09-03T12:51:11","guid":{"rendered":"https:\/\/www.pecta.pt\/produto\/circular-sight-glass-fitting-type-323-for-high-temperatures-pn-10-25\/"},"modified":"2025-09-03T12:51:11","modified_gmt":"2025-09-03T12:51:11","slug":"circular-sight-glass-fitting-type-323-for-high-temperatures-pn-10-25","status":"publish","type":"product","link":"https:\/\/www.pecta.pt\/en\/produto\/circular-sight-glass-fitting-type-323-for-high-temperatures-pn-10-25\/","title":{"rendered":"Circular sight glass fitting type 323 for high temperatures &#8211; PN 10\/25"},"content":{"rendered":"<div id=\"divEspecific3\">\n<div class=\"product-text\">\n<section class=\"page-section\">\n<div class=\"container\">\n<div class=\"tabs-wrapper content-tabs\">\n<div class=\"tab-content\">\n<div id=\"item-description\" class=\"tab-pane fade in active\">\n<p>The ACI Type 323 circular product sight glass is a variation of the Type <a href=\"https:\/\/www.pecta.pt\/en\/produto\/circular-sight-glass-fitting-type-321-pn-10-25-din-28121\/\">321<\/a>, designed for a wider range of applications, particularly at high temperatures. It is intended for observing and illuminating the interior of sealed containers. <\/p>\n<p>PTFE seals, typically used in the Type <a href=\"https:\/\/www.pecta.pt\/en\/produto\/circular-sight-glass-fitting-type-321-pn-10-25-din-28121\/\">321 <\/a>sight glass, are no longer reliable at temperatures above 200 \u00b0C. To overcome this limitation, the Type 323 uses high-quality graphite composite gaskets, thereby increasing the temperature the sight glass can withstand to 280 \u00b0C, or up to 320 \u00b0C with a mica disc. <\/p>\n<p>Even at temperatures exceeding the limits specified in DIN 7080, type 323 can be used with non-tempered borosilicate glass up to 400 \u00b0C.<\/p>\n<p>If the process conditions pose a problem even for highly resistant borosilicate glass, a specially adapted mica or FEP protective screen for the connection provides additional protection against steam and aggressive chemicals, such as alkalis with a pH value of up to 14.<\/p>\n<section style=\"max-width: 1000px; margin: 0 auto;\">\n<h4>TECHNICAL SPECIFICATIONS &#8211; Circular sight glass fitting type 323<\/h4>\n<table style=\"width: 100%; border-collapse: collapse; font-family: sans-serif;\">\n<tbody>\n<tr>\n<td style=\"padding: 10px; border: 1px solid #ccc;\"><strong>Material da Flange:<\/strong><\/td>\n<td style=\"padding: 10px; border: 1px solid #ccc;\">Flange Base: 1.4571 (standard)<br \/>\nFlange Cobertura: 1.4571 (standard)<br \/>\nOutros materiais: 1.4404, 1.4541, 1.4539, 1.4462, 2.4602<\/td>\n<\/tr>\n<tr>\n<td style=\"padding: 10px; border: 1px solid #ccc;\"><strong>Shape:<\/strong><\/td>\n<td style=\"padding: 10px; border: 1px solid #ccc;\">In accordance with DIN 28121<\/td>\n<\/tr>\n<tr>\n<td style=\"padding: 10px; border: 1px solid #ccc;\"><strong>Seals:<\/strong><\/td>\n<td style=\"padding: 10px; border: 1px solid #ccc;\">Graphite<\/td>\n<\/tr>\n<tr>\n<td style=\"padding: 10px; border: 1px solid #ccc;\"><strong>Nominal size:<\/strong><\/td>\n<td style=\"padding: 10px; border: 1px solid #ccc;\">DN40 to DN200<\/td>\n<\/tr>\n<tr>\n<td style=\"padding: 10px; border: 1px solid #ccc;\"><strong>Temperature \/ Glass:<\/strong><\/td>\n<td style=\"padding: 10px; border: 1px solid #ccc;\">Up to 280\u00b0C with borosilicate glass similar to DIN 7080<br \/>\nUp to 320\u00b0C with borosilicate glass similar to DIN 7080 + mica disc<br \/>\nUp to 400\u00b0C with non-tempered borosilicate glass<\/td>\n<\/tr>\n<tr>\n<td style=\"padding: 10px; border: 1px solid #ccc;\"><strong>Options:<\/strong><\/td>\n<td style=\"padding: 10px; border: 1px solid #ccc;\">LED light, for Ex and non-Ex areas<br \/>\nSpraying device SVII<br \/>\nFEP or Halar\u00ae coating<br \/>\nMica protection disc<br \/>\nCustom made designs<\/td>\n<\/tr>\n<\/tbody>\n<\/table>\n<p><!-- V\u00eddeo incorporado --><\/p>\n<div style=\"margin: 30px auto; max-width: 800px;\"><iframe title=\"Beh\u00e4lterschauglas Typ 323 \u2013 ACI Industriearmaturen GmbH\" src=\"https:\/\/www.youtube.com\/embed\/Yx0a28jID6s\" width=\"1074\" height=\"604\" frameborder=\"0\" allowfullscreen=\"allowfullscreen\"><\/iframe><\/div>\n<div style=\"text-align: center;\"><a href=\"https:\/\/aci24.com\/en\/products\/tank-sight-glass\/product\/69-circular-sight-glass-fitting-type-323-pn-10-25\" rel=\"noopener\" target=\"_blank\">Website ACI \u2013 Circular sight glass fitting type 323<\/a><\/div>\n<p><a style=\"position: absolute; left: -9999px;\" href=\"https:\/\/www.pecta.pt\/en\/category\/aci\/\">ACI<\/a><\/p>\n<\/section>\n<\/div>\n<\/div>\n<\/div>\n<\/div>\n<\/section>\n<\/div>\n<\/div>\n","protected":false},"excerpt":{"rendered":"<p data-start=\"92\" data-end=\"188\">For flange mounting in accordance with DIN 28121<\/p>\n<div>O visor 323 \u00e9 uma varia\u00e7\u00e3o do tipo 321, concebido para uma gama de aplica\u00e7\u00f5es mais ampla, especialmente em temperaturas elevadas.<\/div>\n","protected":false},"featured_media":5265,"template":"","meta":{"_uag_custom_page_level_css":"","site-sidebar-layout":"default","site-content-layout":"","ast-site-content-layout":"default","site-content-style":"default","site-sidebar-style":"default","ast-global-header-display":"","ast-banner-title-visibility":"","ast-main-header-display":"","ast-hfb-above-header-display":"","ast-hfb-below-header-display":"","ast-hfb-mobile-header-display":"","site-post-title":"","ast-breadcrumbs-content":"","ast-featured-img":"","footer-sml-layout":"","ast-disable-related-posts":"","theme-transparent-header-meta":"default","adv-header-id-meta":"","stick-header-meta":"","header-above-stick-meta":"","header-main-stick-meta":"","header-below-stick-meta":"","astra-migrate-meta-layouts":"default","ast-page-background-enabled":"default","ast-page-background-meta":{"desktop":{"background-color":"var(--ast-global-color-5)","background-image":"","background-repeat":"repeat","background-position":"center center","background-size":"auto","background-attachment":"scroll","background-type":"","background-media":"","overlay-type":"","overlay-color":"","overlay-opacity":"","overlay-gradient":""},"tablet":{"background-color":"","background-image":"","background-repeat":"repeat","background-position":"center center","background-size":"auto","background-attachment":"scroll","background-type":"","background-media":"","overlay-type":"","overlay-color":"","overlay-opacity":"","overlay-gradient":""},"mobile":{"background-color":"","background-image":"","background-repeat":"repeat","background-position":"center center","background-size":"auto","background-attachment":"scroll","background-type":"","background-media":"","overlay-type":"","overlay-color":"","overlay-opacity":"","overlay-gradient":""}},"ast-content-background-meta":{"desktop":{"background-color":"var(--ast-global-color-4)","background-image":"","background-repeat":"repeat","background-position":"center center","background-size":"auto","background-attachment":"scroll","background-type":"","background-media":"","overlay-type":"","overlay-color":"","overlay-opacity":"","overlay-gradient":""},"tablet":{"background-color":"var(--ast-global-color-4)","background-image":"","background-repeat":"repeat","background-position":"center center","background-size":"auto","background-attachment":"scroll","background-type":"","background-media":"","overlay-type":"","overlay-color":"","overlay-opacity":"","overlay-gradient":""},"mobile":{"background-color":"var(--ast-global-color-4)","background-image":"","background-repeat":"repeat","background-position":"center center","background-size":"auto","background-attachment":"scroll","background-type":"","background-media":"","overlay-type":"","overlay-color":"","overlay-opacity":"","overlay-gradient":""}}},"product_brand":[],"product_cat":[343,344],"product_tag":[401,408,406],"class_list":{"0":"post-7696","1":"product","2":"type-product","3":"status-publish","4":"has-post-thumbnail","6":"product_cat-aci","7":"product_cat-circular-sight-glasses","8":"product_tag-food-beverages","9":"product_tag-general-industry","10":"product_tag-pharmaceutical","11":"desktop-align-left","12":"tablet-align-left","13":"mobile-align-left","15":"first","16":"onbackorder","17":"downloadable","18":"virtual","19":"product-type-simple"},"uagb_featured_image_src":{"full":["https:\/\/www.pecta.pt\/wp-content\/uploads\/2025\/09\/visor-323-Photoroom.png",2000,1500,false],"thumbnail":["https:\/\/www.pecta.pt\/wp-content\/uploads\/2025\/09\/visor-323-Photoroom-150x150.png",150,150,true],"medium":["https:\/\/www.pecta.pt\/wp-content\/uploads\/2025\/09\/visor-323-Photoroom-300x225.png",300,225,true],"medium_large":["https:\/\/www.pecta.pt\/wp-content\/uploads\/2025\/09\/visor-323-Photoroom-768x576.png",768,576,true],"large":["https:\/\/www.pecta.pt\/wp-content\/uploads\/2025\/09\/visor-323-Photoroom-1024x768.png",1024,768,true],"1536x1536":["https:\/\/www.pecta.pt\/wp-content\/uploads\/2025\/09\/visor-323-Photoroom-1536x1152.png",1536,1152,true],"2048x2048":["https:\/\/www.pecta.pt\/wp-content\/uploads\/2025\/09\/visor-323-Photoroom.png",2000,1500,false],"woocommerce_thumbnail":["https:\/\/www.pecta.pt\/wp-content\/uploads\/2025\/09\/visor-323-Photoroom-300x300.png",300,300,true],"woocommerce_single":["https:\/\/www.pecta.pt\/wp-content\/uploads\/2025\/09\/visor-323-Photoroom-600x450.png",600,450,true],"woocommerce_gallery_thumbnail":["https:\/\/www.pecta.pt\/wp-content\/uploads\/2025\/09\/visor-323-Photoroom-100x100.png",100,100,true]},"uagb_author_info":{"display_name":"PECTA","author_link":"https:\/\/www.pecta.pt\/en\/author\/"},"uagb_comment_info":0,"uagb_excerpt":"For flange mounting in accordance with DIN 28121 O visor 323 \u00e9 uma varia\u00e7\u00e3o do tipo 321, concebido para uma gama de aplica\u00e7\u00f5es mais ampla, especialmente em temperaturas elevadas.","_links":{"self":[{"href":"https:\/\/www.pecta.pt\/en\/wp-json\/wp\/v2\/product\/7696","targetHints":{"allow":["GET"]}}],"collection":[{"href":"https:\/\/www.pecta.pt\/en\/wp-json\/wp\/v2\/product"}],"about":[{"href":"https:\/\/www.pecta.pt\/en\/wp-json\/wp\/v2\/types\/product"}],"wp:featuredmedia":[{"embeddable":true,"href":"https:\/\/www.pecta.pt\/en\/wp-json\/wp\/v2\/media\/5265"}],"wp:attachment":[{"href":"https:\/\/www.pecta.pt\/en\/wp-json\/wp\/v2\/media?parent=7696"}],"wp:term":[{"taxonomy":"product_brand","embeddable":true,"href":"https:\/\/www.pecta.pt\/en\/wp-json\/wp\/v2\/product_brand?post=7696"},{"taxonomy":"product_cat","embeddable":true,"href":"https:\/\/www.pecta.pt\/en\/wp-json\/wp\/v2\/product_cat?post=7696"},{"taxonomy":"product_tag","embeddable":true,"href":"https:\/\/www.pecta.pt\/en\/wp-json\/wp\/v2\/product_tag?post=7696"}],"curies":[{"name":"wp","href":"https:\/\/api.w.org\/{rel}","templated":true}]}}