{"id":7689,"date":"2025-09-03T13:31:57","date_gmt":"2025-09-03T13:31:57","guid":{"rendered":"https:\/\/www.pecta.pt\/produto\/manhole-sight-glass-type-325-pn-6-10-16-din-en-1092-1\/"},"modified":"2025-09-03T13:31:57","modified_gmt":"2025-09-03T13:31:57","slug":"manhole-sight-glass-type-325-pn-6-10-16-din-en-1092-1","status":"publish","type":"product","link":"https:\/\/www.pecta.pt\/en\/produto\/manhole-sight-glass-type-325-pn-6-10-16-din-en-1092-1\/","title":{"rendered":"Manhole sight glass type 325 &#8211; PN 6\/10\/16 &#8211; DIN EN 1092-1"},"content":{"rendered":"<div id=\"divEspecific3\">\n<div class=\"product-text\">\n<section class=\"page-section\">\n<div class=\"container\">\n<div class=\"tabs-wrapper content-tabs\">\n<div class=\"tab-content\">\n<div id=\"item-description\" class=\"tab-pane fade in active\">\n<p>Type 325 sight glasses are manufactured from high-quality stainless steel 1.4571 (316Ti) or 1.4404 (F316).<\/p>\n<p>The equipment is sealed using flat gaskets tailored to your requirements, available in a wide range of materials such as PTFE (Teflon\u00ae), NBR, novaphit\u00ae MST-XP, KlingerSil\u00ae C4400, and many other brands. <\/p>\n<p>If the process conditions pose a problem even for highly resistant borosilicate glass, a specially adapted protective mica or FEP screen for the connection provides additional protection against steam and aggressive chemicals, such as alkalis with a pH value of up to 14.<\/p>\n<\/div>\n<p>As with other product displays, the Type 325 can be fitted, on request, with an SGW cleaning brush, SVI spray devices or LED lighting.<\/p>\n<div id=\"item-description\" class=\"tab-pane fade in active\">\n<section style=\"max-width: 1000px; margin: 0 auto;\">\n<h4>TECHNICAL SPECIFICATIONS &#8211; Manhole sight glass type 325<\/h4>\n<table style=\"width: 100%; border-collapse: collapse; font-family: sans-serif;\">\n<tbody>\n<tr>\n<td style=\"padding: 10px; border: 1px solid #ccc;\"><strong>Flange material:<\/strong><\/td>\n<td style=\"padding: 10px; border: 1px solid #ccc;\">Flange: 1.4571 (standard)<br \/>\nOther materials: 1.4404, 1.4541, 1.4539, 1.4306<\/td>\n<\/tr>\n<tr>\n<td style=\"padding: 10px; border: 1px solid #ccc;\"><strong>Form:<\/strong><\/td>\n<td style=\"padding: 10px; border: 1px solid #ccc;\">In accordance with standard DIN EN 1092-1<\/td>\n<\/tr>\n<tr>\n<td style=\"padding: 10px; border: 1px solid #ccc;\"><strong>Seals:<\/strong><\/td>\n<td style=\"padding: 10px; border: 1px solid #ccc;\">C4400 (Standard), PTFE, FKM, NBR, Silicone, EPDM, Graphite<\/td>\n<\/tr>\n<tr>\n<td style=\"padding: 10px; border: 1px solid #ccc;\"><strong>Nominal size:<\/strong><\/td>\n<td style=\"padding: 10px; border: 1px solid #ccc;\">DN300 to DN800<\/td>\n<\/tr>\n<tr>\n<td style=\"padding: 10px; border: 1px solid #ccc;\"><strong>Temperature \/ Glass:<\/strong><\/td>\n<td style=\"padding: 10px; border: 1px solid #ccc;\">Up to 280\u00b0C with borosilicate glass similar to DIN 7080<\/td>\n<\/tr>\n<tr>\n<td style=\"padding: 10px; border: 1px solid #ccc;\"><strong>Options:<\/strong><\/td>\n<td style=\"padding: 10px; border: 1px solid #ccc;\">Wiper SGW with PTFE or silicone wiper blade<br \/>\nLED light, for Ex and non-Ex areas<br \/>\nFEP or Halar\u00ae coating<br \/>\nMica protection disc<br \/>\nSpecial constructions<\/td>\n<\/tr>\n<\/tbody>\n<\/table>\n<p><iframe title=\"Beh\u00e4lterschauglas Typ 325 \u2013 ACI Industriearmaturen GmbH\" src=\"https:\/\/www.youtube.com\/embed\/2uuzqGz1x1U\" width=\"1074\" height=\"604\" frameborder=\"0\" allowfullscreen=\"allowfullscreen\"><\/iframe><\/p>\n<div style=\"text-align: center;\"><a href=\"https:\/\/aci24.com\/en\/products\/tank-sight-glass\/product\/60-manhole-sight-glass-type-325-pn-6-10-16\" rel=\"noopener\" target=\"_blank\">Website ACI \u2013 Manhole sight glass type 325<\/a><\/div>\n<p><a style=\"position: absolute; left: -9999px;\" href=\"https:\/\/www.pecta.pt\/en\/category\/aci\/\">ACI<\/a><\/p>\n<\/section>\n<\/div>\n<\/div>\n<\/div>\n<\/div>\n<\/section>\n<\/div>\n<\/div>\n","protected":false},"excerpt":{"rendered":"<p data-start=\"92\" data-end=\"188\">Flange mounting in accordance with DIN EN 1092-1<\/p>\n<div>Os visores de produto do tipo 325 podem ser utilizados para selar <strong data-start=\"549\" data-end=\"574\">aberturas de inspe\u00e7\u00e3o, <\/strong>em contraste com os fechos convencionais, o visor 325 \u00e9 equipado com um visor circular de produto conforme DIN 28120, permitindo a observa\u00e7\u00e3o segura dos processos no interior do recipiente.<\/div>\n","protected":false},"featured_media":5125,"template":"","meta":{"_uag_custom_page_level_css":"","site-sidebar-layout":"default","site-content-layout":"","ast-site-content-layout":"default","site-content-style":"default","site-sidebar-style":"default","ast-global-header-display":"","ast-banner-title-visibility":"","ast-main-header-display":"","ast-hfb-above-header-display":"","ast-hfb-below-header-display":"","ast-hfb-mobile-header-display":"","site-post-title":"","ast-breadcrumbs-content":"","ast-featured-img":"","footer-sml-layout":"","ast-disable-related-posts":"","theme-transparent-header-meta":"default","adv-header-id-meta":"","stick-header-meta":"","header-above-stick-meta":"","header-main-stick-meta":"","header-below-stick-meta":"","astra-migrate-meta-layouts":"default","ast-page-background-enabled":"default","ast-page-background-meta":{"desktop":{"background-color":"var(--ast-global-color-5)","background-image":"","background-repeat":"repeat","background-position":"center center","background-size":"auto","background-attachment":"scroll","background-type":"","background-media":"","overlay-type":"","overlay-color":"","overlay-opacity":"","overlay-gradient":""},"tablet":{"background-color":"","background-image":"","background-repeat":"repeat","background-position":"center center","background-size":"auto","background-attachment":"scroll","background-type":"","background-media":"","overlay-type":"","overlay-color":"","overlay-opacity":"","overlay-gradient":""},"mobile":{"background-color":"","background-image":"","background-repeat":"repeat","background-position":"center center","background-size":"auto","background-attachment":"scroll","background-type":"","background-media":"","overlay-type":"","overlay-color":"","overlay-opacity":"","overlay-gradient":""}},"ast-content-background-meta":{"desktop":{"background-color":"var(--ast-global-color-4)","background-image":"","background-repeat":"repeat","background-position":"center center","background-size":"auto","background-attachment":"scroll","background-type":"","background-media":"","overlay-type":"","overlay-color":"","overlay-opacity":"","overlay-gradient":""},"tablet":{"background-color":"var(--ast-global-color-4)","background-image":"","background-repeat":"repeat","background-position":"center center","background-size":"auto","background-attachment":"scroll","background-type":"","background-media":"","overlay-type":"","overlay-color":"","overlay-opacity":"","overlay-gradient":""},"mobile":{"background-color":"var(--ast-global-color-4)","background-image":"","background-repeat":"repeat","background-position":"center center","background-size":"auto","background-attachment":"scroll","background-type":"","background-media":"","overlay-type":"","overlay-color":"","overlay-opacity":"","overlay-gradient":""}}},"product_brand":[],"product_cat":[343,344],"product_tag":[401,408,406],"class_list":{"0":"post-7689","1":"product","2":"type-product","3":"status-publish","4":"has-post-thumbnail","6":"product_cat-aci","7":"product_cat-circular-sight-glasses","8":"product_tag-food-beverages","9":"product_tag-general-industry","10":"product_tag-pharmaceutical","11":"desktop-align-left","12":"tablet-align-left","13":"mobile-align-left","15":"first","16":"onbackorder","17":"downloadable","18":"virtual","19":"product-type-simple"},"uagb_featured_image_src":{"full":["https:\/\/www.pecta.pt\/wp-content\/uploads\/2025\/09\/lYzFNdS2kGcuQQivH2wkrI10asvPI5GmXAB3MjBYh_x500.webp",750,500,false],"thumbnail":["https:\/\/www.pecta.pt\/wp-content\/uploads\/2025\/09\/lYzFNdS2kGcuQQivH2wkrI10asvPI5GmXAB3MjBYh_x500-150x150.webp",150,150,true],"medium":["https:\/\/www.pecta.pt\/wp-content\/uploads\/2025\/09\/lYzFNdS2kGcuQQivH2wkrI10asvPI5GmXAB3MjBYh_x500-300x200.webp",300,200,true],"medium_large":["https:\/\/www.pecta.pt\/wp-content\/uploads\/2025\/09\/lYzFNdS2kGcuQQivH2wkrI10asvPI5GmXAB3MjBYh_x500.webp",750,500,false],"large":["https:\/\/www.pecta.pt\/wp-content\/uploads\/2025\/09\/lYzFNdS2kGcuQQivH2wkrI10asvPI5GmXAB3MjBYh_x500.webp",750,500,false],"1536x1536":["https:\/\/www.pecta.pt\/wp-content\/uploads\/2025\/09\/lYzFNdS2kGcuQQivH2wkrI10asvPI5GmXAB3MjBYh_x500.webp",750,500,false],"2048x2048":["https:\/\/www.pecta.pt\/wp-content\/uploads\/2025\/09\/lYzFNdS2kGcuQQivH2wkrI10asvPI5GmXAB3MjBYh_x500.webp",750,500,false],"woocommerce_thumbnail":["https:\/\/www.pecta.pt\/wp-content\/uploads\/2025\/09\/lYzFNdS2kGcuQQivH2wkrI10asvPI5GmXAB3MjBYh_x500-300x300.webp",300,300,true],"woocommerce_single":["https:\/\/www.pecta.pt\/wp-content\/uploads\/2025\/09\/lYzFNdS2kGcuQQivH2wkrI10asvPI5GmXAB3MjBYh_x500-600x400.webp",600,400,true],"woocommerce_gallery_thumbnail":["https:\/\/www.pecta.pt\/wp-content\/uploads\/2025\/09\/lYzFNdS2kGcuQQivH2wkrI10asvPI5GmXAB3MjBYh_x500-100x100.webp",100,100,true]},"uagb_author_info":{"display_name":"PECTA","author_link":"https:\/\/www.pecta.pt\/en\/author\/"},"uagb_comment_info":0,"uagb_excerpt":"Flange mounting in accordance with DIN EN 1092-1 Os visores de produto do tipo 325 podem ser utilizados para selar aberturas de inspe\u00e7\u00e3o, em contraste com os fechos convencionais, o visor 325 \u00e9 equipado com um visor circular de produto conforme DIN 28120, permitindo a observa\u00e7\u00e3o segura dos processos no interior do recipiente.","_links":{"self":[{"href":"https:\/\/www.pecta.pt\/en\/wp-json\/wp\/v2\/product\/7689","targetHints":{"allow":["GET"]}}],"collection":[{"href":"https:\/\/www.pecta.pt\/en\/wp-json\/wp\/v2\/product"}],"about":[{"href":"https:\/\/www.pecta.pt\/en\/wp-json\/wp\/v2\/types\/product"}],"wp:featuredmedia":[{"embeddable":true,"href":"https:\/\/www.pecta.pt\/en\/wp-json\/wp\/v2\/media\/5125"}],"wp:attachment":[{"href":"https:\/\/www.pecta.pt\/en\/wp-json\/wp\/v2\/media?parent=7689"}],"wp:term":[{"taxonomy":"product_brand","embeddable":true,"href":"https:\/\/www.pecta.pt\/en\/wp-json\/wp\/v2\/product_brand?post=7689"},{"taxonomy":"product_cat","embeddable":true,"href":"https:\/\/www.pecta.pt\/en\/wp-json\/wp\/v2\/product_cat?post=7689"},{"taxonomy":"product_tag","embeddable":true,"href":"https:\/\/www.pecta.pt\/en\/wp-json\/wp\/v2\/product_tag?post=7689"}],"curies":[{"name":"wp","href":"https:\/\/api.w.org\/{rel}","templated":true}]}}