{"id":7651,"date":"2025-04-04T09:12:46","date_gmt":"2025-04-04T09:12:46","guid":{"rendered":"https:\/\/www.pecta.pt\/produto\/longitudinal-sight-glass-type-330-pn-16-40\/"},"modified":"2025-04-04T09:12:46","modified_gmt":"2025-04-04T09:12:46","slug":"longitudinal-sight-glass-type-330-pn-16-40","status":"publish","type":"product","link":"https:\/\/www.pecta.pt\/en\/produto\/longitudinal-sight-glass-type-330-pn-16-40\/","title":{"rendered":"Longitudinal sight glass type 330 &#8211; PN 16\/40"},"content":{"rendered":"<div id=\"divEspecific3\">\n<div class=\"product-text\">\n<section class=\"page-section\">\n<div class=\"container\">\n<p>The type 330 is constructed from high-quality 1.4571 (316Ti) stainless steel, a material highly valued by our customers. Like most of our sight glasses, the Model 330 is also available in a variety of other materials upon request. Sealing is achieved using flat gaskets tailored to your requirements. We supply C-4400 fibre, PTFE, NBR and graphite gaskets as standard, amongst others.  <\/p>\n<p>For dark liquids or unlit tanks, the use of a reflective sight glass in accordance with DIN 7081 or similar is recommended. Due to the refraction of light in the built-in prisms, the liquid level can be more easily identified. However, if the tank is lit or if the colour of the product is visible, a transparent sight glass should be used. Reflective glass must not be covered with mica discs, as this prevents reflection.   <\/p>\n<div class=\"tabs-wrapper content-tabs\">\n<div class=\"tab-content\">\n<div id=\"item-description\" class=\"tab-pane fade in active\">\n<p>&nbsp;<\/p>\n<section style=\"max-width: 1000px; margin: 0 auto;\">\n<h4>TECHNICAL SPECIFICATIONS &#8211; Longitudinal sight glass type 330<\/h4>\n<table style=\"width: 100%; border-collapse: collapse; font-family: sans-serif;\">\n<tbody>\n<tr>\n<td style=\"padding: 10px; border: 1px solid #ccc;\"><strong>Flange Material:<\/strong><\/td>\n<td style=\"padding: 10px; border: 1px solid #ccc;\">Base Flange: 1.4571 (standard)<br \/>\nCover Flange: 1.4571 (standard)<br \/>\nOther materials on request<\/td>\n<\/tr>\n<tr>\n<td style=\"padding: 10px; border: 1px solid #ccc;\">Shape:<\/td>\n<td style=\"padding: 10px; border: 1px solid #ccc;\">In accordance with DIN 7081<\/td>\n<\/tr>\n<tr>\n<td style=\"padding: 10px; border: 1px solid #ccc;\"><strong>Gaskets:<\/strong><\/td>\n<td style=\"padding: 10px; border: 1px solid #ccc;\">KlingerSil\u00ae C4400<br \/>\nPTFE, FKM, NBR, Silicone, EPDM<br \/>\nGraphite<\/td>\n<\/tr>\n<tr>\n<td style=\"padding: 10px; border: 1px solid #ccc;\"><strong>Total length:<\/strong><\/td>\n<td style=\"padding: 10px; border: 1px solid #ccc;\">140 to 1000 mm<\/td>\n<\/tr>\n<tr>\n<td style=\"padding: 10px; border: 1px solid #ccc;\"><strong>Temperature \/ Glass:<\/strong><\/td>\n<td style=\"padding: 10px; border: 1px solid #ccc;\">Up to <strong>280\u00b0C <\/strong>with borosilicate glass complying with or equivalent to DIN 7081<\/td>\n<\/tr>\n<tr>\n<td style=\"padding: 10px; border: 1px solid #ccc;\">Optionals:<\/td>\n<td style=\"padding: 10px; border: 1px solid #ccc;\">Mica protection disc<br \/>\nSpecial designs available on request<\/td>\n<\/tr>\n<\/tbody>\n<\/table>\n<p><!-- V\u00eddeo incorporado --><\/p>\n<div style=\"margin: 30px auto; max-width: 800px;\"><iframe src=\"https:\/\/www.youtube.com\/embed\/zXlwK-qevEI\" width=\"100%\" height=\"450\" frameborder=\"0\" allowfullscreen=\"allowfullscreen\"><\/iframe><\/div>\n<div style=\"text-align: center;\"><a href=\"https:\/\/aci24.com\/en\/products\/tank-sight-glass\/product\/61-longitudinal-sight-glass-fitting-type-330-pn-16-40\" rel=\"noopener\" target=\"_blank\">Website ACI \u2013 Longitudinal sight glass type 330<\/a><\/div>\n<p><a style=\"position: absolute; left: -9999px;\" href=\"https:\/\/www.pecta.pt\/en\/category\/aci\/\">ACI<\/a><\/p>\n<\/section>\n<\/div>\n<\/div>\n<\/div>\n<\/div>\n<\/section>\n<\/div>\n<\/div>\n","protected":false},"excerpt":{"rendered":"<p>O visor retangular 330 \u00e9 ideal para observar o n\u00edvel em recipientes fechados. S\u00e3o projetados para soldar em ou sobre as paredes do recipiente. Com vidro borossilicato conforme DIN 7081 inserido entre as juntas, garante uma veda\u00e7\u00e3o selada. Constru\u00e7\u00e3o robusta e fi\u00e1vel torna-os adequados para uma variedade de aplica\u00e7\u00f5es.   <\/p>\n","protected":false},"featured_media":2830,"template":"","meta":{"_uag_custom_page_level_css":"","site-sidebar-layout":"default","site-content-layout":"","ast-site-content-layout":"default","site-content-style":"default","site-sidebar-style":"default","ast-global-header-display":"","ast-banner-title-visibility":"","ast-main-header-display":"","ast-hfb-above-header-display":"","ast-hfb-below-header-display":"","ast-hfb-mobile-header-display":"","site-post-title":"","ast-breadcrumbs-content":"","ast-featured-img":"","footer-sml-layout":"","ast-disable-related-posts":"","theme-transparent-header-meta":"default","adv-header-id-meta":"","stick-header-meta":"","header-above-stick-meta":"","header-main-stick-meta":"","header-below-stick-meta":"","astra-migrate-meta-layouts":"default","ast-page-background-enabled":"default","ast-page-background-meta":{"desktop":{"background-color":"var(--ast-global-color-5)","background-image":"","background-repeat":"repeat","background-position":"center center","background-size":"auto","background-attachment":"scroll","background-type":"","background-media":"","overlay-type":"","overlay-color":"","overlay-opacity":"","overlay-gradient":""},"tablet":{"background-color":"","background-image":"","background-repeat":"repeat","background-position":"center center","background-size":"auto","background-attachment":"scroll","background-type":"","background-media":"","overlay-type":"","overlay-color":"","overlay-opacity":"","overlay-gradient":""},"mobile":{"background-color":"","background-image":"","background-repeat":"repeat","background-position":"center center","background-size":"auto","background-attachment":"scroll","background-type":"","background-media":"","overlay-type":"","overlay-color":"","overlay-opacity":"","overlay-gradient":""}},"ast-content-background-meta":{"desktop":{"background-color":"var(--ast-global-color-4)","background-image":"","background-repeat":"repeat","background-position":"center center","background-size":"auto","background-attachment":"scroll","background-type":"","background-media":"","overlay-type":"","overlay-color":"","overlay-opacity":"","overlay-gradient":""},"tablet":{"background-color":"var(--ast-global-color-4)","background-image":"","background-repeat":"repeat","background-position":"center center","background-size":"auto","background-attachment":"scroll","background-type":"","background-media":"","overlay-type":"","overlay-color":"","overlay-opacity":"","overlay-gradient":""},"mobile":{"background-color":"var(--ast-global-color-4)","background-image":"","background-repeat":"repeat","background-position":"center center","background-size":"auto","background-attachment":"scroll","background-type":"","background-media":"","overlay-type":"","overlay-color":"","overlay-opacity":"","overlay-gradient":""}}},"product_brand":[],"product_cat":[343,347],"product_tag":[401,408,406],"class_list":{"0":"post-7651","1":"product","2":"type-product","3":"status-publish","4":"has-post-thumbnail","6":"product_cat-aci","7":"product_cat-level-indicators","8":"product_tag-food-beverages","9":"product_tag-general-industry","10":"product_tag-pharmaceutical","11":"desktop-align-left","12":"tablet-align-left","13":"mobile-align-left","15":"first","16":"onbackorder","17":"downloadable","18":"virtual","19":"product-type-simple"},"uagb_featured_image_src":{"full":["https:\/\/www.pecta.pt\/wp-content\/uploads\/2025\/04\/retangular.png",500,500,false],"thumbnail":["https:\/\/www.pecta.pt\/wp-content\/uploads\/2025\/04\/retangular-150x150.png",150,150,true],"medium":["https:\/\/www.pecta.pt\/wp-content\/uploads\/2025\/04\/retangular-300x300.png",300,300,true],"medium_large":["https:\/\/www.pecta.pt\/wp-content\/uploads\/2025\/04\/retangular.png",500,500,false],"large":["https:\/\/www.pecta.pt\/wp-content\/uploads\/2025\/04\/retangular.png",500,500,false],"1536x1536":["https:\/\/www.pecta.pt\/wp-content\/uploads\/2025\/04\/retangular.png",500,500,false],"2048x2048":["https:\/\/www.pecta.pt\/wp-content\/uploads\/2025\/04\/retangular.png",500,500,false],"woocommerce_thumbnail":["https:\/\/www.pecta.pt\/wp-content\/uploads\/2025\/04\/retangular-300x300.png",300,300,true],"woocommerce_single":["https:\/\/www.pecta.pt\/wp-content\/uploads\/2025\/04\/retangular.png",500,500,false],"woocommerce_gallery_thumbnail":["https:\/\/www.pecta.pt\/wp-content\/uploads\/2025\/04\/retangular-100x100.png",100,100,true]},"uagb_author_info":{"display_name":"PECTA","author_link":"https:\/\/www.pecta.pt\/en\/author\/"},"uagb_comment_info":0,"uagb_excerpt":"O visor retangular 330 \u00e9 ideal para observar o n\u00edvel em recipientes fechados. S\u00e3o projetados para soldar em ou sobre as paredes do recipiente. Com vidro borossilicato conforme DIN 7081 inserido entre as juntas, garante uma veda\u00e7\u00e3o selada. Constru\u00e7\u00e3o robusta e fi\u00e1vel torna-os adequados para uma variedade de aplica\u00e7\u00f5es.","_links":{"self":[{"href":"https:\/\/www.pecta.pt\/en\/wp-json\/wp\/v2\/product\/7651","targetHints":{"allow":["GET"]}}],"collection":[{"href":"https:\/\/www.pecta.pt\/en\/wp-json\/wp\/v2\/product"}],"about":[{"href":"https:\/\/www.pecta.pt\/en\/wp-json\/wp\/v2\/types\/product"}],"wp:featuredmedia":[{"embeddable":true,"href":"https:\/\/www.pecta.pt\/en\/wp-json\/wp\/v2\/media\/2830"}],"wp:attachment":[{"href":"https:\/\/www.pecta.pt\/en\/wp-json\/wp\/v2\/media?parent=7651"}],"wp:term":[{"taxonomy":"product_brand","embeddable":true,"href":"https:\/\/www.pecta.pt\/en\/wp-json\/wp\/v2\/product_brand?post=7651"},{"taxonomy":"product_cat","embeddable":true,"href":"https:\/\/www.pecta.pt\/en\/wp-json\/wp\/v2\/product_cat?post=7651"},{"taxonomy":"product_tag","embeddable":true,"href":"https:\/\/www.pecta.pt\/en\/wp-json\/wp\/v2\/product_tag?post=7651"}],"curies":[{"name":"wp","href":"https:\/\/api.w.org\/{rel}","templated":true}]}}