{"id":7631,"date":"2025-04-04T14:07:13","date_gmt":"2025-04-04T14:07:13","guid":{"rendered":"https:\/\/www.pecta.pt\/produto\/high-pressure-regulators-propane\/"},"modified":"2025-04-04T14:07:13","modified_gmt":"2025-04-04T14:07:13","slug":"high-pressure-regulators-propane","status":"publish","type":"product","link":"https:\/\/www.pecta.pt\/en\/produto\/high-pressure-regulators-propane\/","title":{"rendered":"High-Pressure Regulators (Propane)"},"content":{"rendered":"<p>We offer a wide range of pressure regulators.<\/p>\n<p>Get in touch with us and get yours.<\/p>\n","protected":false},"excerpt":{"rendered":"<p>Os redutores de press\u00e3o t\u00eam como prop\u00f3sito converter uma press\u00e3o superior em uma press\u00e3o interm\u00e9dia ou at\u00e9 mesmo final a alimentar os aparelhos consumidores. Adicionalmente o redutor de press\u00e3o compensa as varia\u00e7\u00f5es de press\u00f5es recebidas e fornece uma press\u00e3o est\u00e1vel. <\/p>\n","protected":false},"featured_media":2989,"template":"","meta":{"_uag_custom_page_level_css":"","site-sidebar-layout":"default","site-content-layout":"","ast-site-content-layout":"default","site-content-style":"default","site-sidebar-style":"default","ast-global-header-display":"","ast-banner-title-visibility":"","ast-main-header-display":"","ast-hfb-above-header-display":"","ast-hfb-below-header-display":"","ast-hfb-mobile-header-display":"","site-post-title":"","ast-breadcrumbs-content":"","ast-featured-img":"","footer-sml-layout":"","ast-disable-related-posts":"","theme-transparent-header-meta":"default","adv-header-id-meta":"","stick-header-meta":"","header-above-stick-meta":"","header-main-stick-meta":"","header-below-stick-meta":"","astra-migrate-meta-layouts":"default","ast-page-background-enabled":"default","ast-page-background-meta":{"desktop":{"background-color":"var(--ast-global-color-5)","background-image":"","background-repeat":"repeat","background-position":"center center","background-size":"auto","background-attachment":"scroll","background-type":"","background-media":"","overlay-type":"","overlay-color":"","overlay-opacity":"","overlay-gradient":""},"tablet":{"background-color":"","background-image":"","background-repeat":"repeat","background-position":"center center","background-size":"auto","background-attachment":"scroll","background-type":"","background-media":"","overlay-type":"","overlay-color":"","overlay-opacity":"","overlay-gradient":""},"mobile":{"background-color":"","background-image":"","background-repeat":"repeat","background-position":"center center","background-size":"auto","background-attachment":"scroll","background-type":"","background-media":"","overlay-type":"","overlay-color":"","overlay-opacity":"","overlay-gradient":""}},"ast-content-background-meta":{"desktop":{"background-color":"var(--ast-global-color-4)","background-image":"","background-repeat":"repeat","background-position":"center center","background-size":"auto","background-attachment":"scroll","background-type":"","background-media":"","overlay-type":"","overlay-color":"","overlay-opacity":"","overlay-gradient":""},"tablet":{"background-color":"var(--ast-global-color-4)","background-image":"","background-repeat":"repeat","background-position":"center center","background-size":"auto","background-attachment":"scroll","background-type":"","background-media":"","overlay-type":"","overlay-color":"","overlay-opacity":"","overlay-gradient":""},"mobile":{"background-color":"var(--ast-global-color-4)","background-image":"","background-repeat":"repeat","background-position":"center center","background-size":"auto","background-attachment":"scroll","background-type":"","background-media":"","overlay-type":"","overlay-color":"","overlay-opacity":"","overlay-gradient":""}}},"product_brand":[],"product_cat":[357,360],"product_tag":[407,403],"class_list":{"0":"post-7631","1":"product","2":"type-product","3":"status-publish","4":"has-post-thumbnail","6":"product_cat-lpg-range","7":"product_cat-pressure-regulators","8":"product_tag-lpg","9":"product_tag-tanker-truck","10":"desktop-align-left","11":"tablet-align-left","12":"mobile-align-left","14":"first","15":"onbackorder","16":"downloadable","17":"virtual","18":"product-type-simple"},"uagb_featured_image_src":{"full":["https:\/\/www.pecta.pt\/wp-content\/uploads\/2025\/04\/201023031.jpg",500,500,false],"thumbnail":["https:\/\/www.pecta.pt\/wp-content\/uploads\/2025\/04\/201023031-150x150.jpg",150,150,true],"medium":["https:\/\/www.pecta.pt\/wp-content\/uploads\/2025\/04\/201023031-300x300.jpg",300,300,true],"medium_large":["https:\/\/www.pecta.pt\/wp-content\/uploads\/2025\/04\/201023031.jpg",500,500,false],"large":["https:\/\/www.pecta.pt\/wp-content\/uploads\/2025\/04\/201023031.jpg",500,500,false],"1536x1536":["https:\/\/www.pecta.pt\/wp-content\/uploads\/2025\/04\/201023031.jpg",500,500,false],"2048x2048":["https:\/\/www.pecta.pt\/wp-content\/uploads\/2025\/04\/201023031.jpg",500,500,false],"woocommerce_thumbnail":["https:\/\/www.pecta.pt\/wp-content\/uploads\/2025\/04\/201023031-300x300.jpg",300,300,true],"woocommerce_single":["https:\/\/www.pecta.pt\/wp-content\/uploads\/2025\/04\/201023031.jpg",500,500,false],"woocommerce_gallery_thumbnail":["https:\/\/www.pecta.pt\/wp-content\/uploads\/2025\/04\/201023031-100x100.jpg",100,100,true]},"uagb_author_info":{"display_name":"PECTA","author_link":"https:\/\/www.pecta.pt\/en\/author\/"},"uagb_comment_info":0,"uagb_excerpt":"Os redutores de press\u00e3o t\u00eam como prop\u00f3sito converter uma press\u00e3o superior em uma press\u00e3o interm\u00e9dia ou at\u00e9 mesmo final a alimentar os aparelhos consumidores. Adicionalmente o redutor de press\u00e3o compensa as varia\u00e7\u00f5es de press\u00f5es recebidas e fornece uma press\u00e3o est\u00e1vel.","_links":{"self":[{"href":"https:\/\/www.pecta.pt\/en\/wp-json\/wp\/v2\/product\/7631","targetHints":{"allow":["GET"]}}],"collection":[{"href":"https:\/\/www.pecta.pt\/en\/wp-json\/wp\/v2\/product"}],"about":[{"href":"https:\/\/www.pecta.pt\/en\/wp-json\/wp\/v2\/types\/product"}],"wp:featuredmedia":[{"embeddable":true,"href":"https:\/\/www.pecta.pt\/en\/wp-json\/wp\/v2\/media\/2989"}],"wp:attachment":[{"href":"https:\/\/www.pecta.pt\/en\/wp-json\/wp\/v2\/media?parent=7631"}],"wp:term":[{"taxonomy":"product_brand","embeddable":true,"href":"https:\/\/www.pecta.pt\/en\/wp-json\/wp\/v2\/product_brand?post=7631"},{"taxonomy":"product_cat","embeddable":true,"href":"https:\/\/www.pecta.pt\/en\/wp-json\/wp\/v2\/product_cat?post=7631"},{"taxonomy":"product_tag","embeddable":true,"href":"https:\/\/www.pecta.pt\/en\/wp-json\/wp\/v2\/product_tag?post=7631"}],"curies":[{"name":"wp","href":"https:\/\/api.w.org\/{rel}","templated":true}]}}