{"id":7498,"date":"2025-09-12T10:29:18","date_gmt":"2025-09-12T10:29:18","guid":{"rendered":"https:\/\/www.pecta.pt\/produto\/circular-sight-glass-type-391-pn-16-40-pipe-fitting\/"},"modified":"2025-09-12T10:29:18","modified_gmt":"2025-09-12T10:29:18","slug":"circular-sight-glass-type-391-pn-16-40-pipe-fitting","status":"publish","type":"product","link":"https:\/\/www.pecta.pt\/en\/produto\/circular-sight-glass-type-391-pn-16-40-pipe-fitting\/","title":{"rendered":"Circular sight glass type 391 &#8211; PN 16\/40 &#8211; Pipe fitting"},"content":{"rendered":"<div id=\"divEspecific3\">\n<div class=\"product-text\">\n<section class=\"page-section\">\n<div class=\"container\">\n<div class=\"tabs-wrapper content-tabs\">\n<div class=\"tab-content\">\n<div id=\"item-description\" class=\"tab-pane fade in active\">\n<p>Type 391 circular sight glasses are manufactured from high-quality 1.4571 (316Ti) stainless steel, a material trusted by our customers. The glass used is industry-standard borosilicate glass, in accordance with DIN 7080 (or to customer specifications). <\/p>\n<\/div>\n<p>Sealing is achieved using flat gaskets selected to suit the specific process requirements, available in a wide range of materials. In addition to fibre gaskets, high-performance materials are available, such as PTFE (Teflon\u00ae), NBR, novaphit\u00ae MST-XP, KlingerSil\u00ae C4400 and many other gaskets from recognised brands. <\/p>\n<div id=\"item-description\" class=\"tab-pane fade in active\">\n<p>Where the maximum operating temperature of DIN 7080 borosilicate glass is insufficient, or where process conditions present additional risks, a specially adapted mica protective disc can be fitted to the sight glass to provide extra protection against heat and steam. For further protection against aggressive chemicals or caustic solutions, the glass can be coated with FEP or Halar\u00ae. <\/p>\n<p>Like other <a href=\"https:\/\/www.pecta.pt\/en\/marca\/aci\/circular-sight-glasses\/\">circular sighting products<\/a>, the 391 sight can be fitted, on request, with an SGW-type sight wiper and LED lighting.<\/p>\n<section style=\"max-width: 1000px; margin: 0 auto;\">\n<h4>TECHNICAL SPECIFICATIONS &#8211; Circular sight glass type 391<\/h4>\n<table style=\"width: 100%; border-collapse: collapse; font-family: sans-serif;\">\n<tbody>\n<tr>\n<td style=\"padding: 10px; border: 1px solid #ccc;\"><strong>Flange Material:<\/strong><\/td>\n<td style=\"padding: 10px; border: 1px solid #ccc;\">Base Flange: 1.4571 (standard)<br \/>\nCover Flange: 1.4571 (standard)<br \/>\nOther materials on request<\/td>\n<\/tr>\n<tr>\n<td style=\"padding: 10px; border: 1px solid #ccc;\"><strong>Seals:<\/strong><\/td>\n<td style=\"padding: 10px; border: 1px solid #ccc;\">PTFE, NBR, silicone, EPDM, FKM<\/td>\n<\/tr>\n<tr>\n<td style=\"padding: 10px; border: 1px solid #ccc;\">Nominal size:<\/td>\n<td style=\"padding: 10px; border: 1px solid #ccc;\">DN100 to DN350<\/td>\n<\/tr>\n<tr>\n<td style=\"padding: 10px; border: 1px solid #ccc;\"><strong>Temperature \/ Glass:<\/strong><\/td>\n<td style=\"padding: 10px; border: 1px solid #ccc;\">Up to <strong>280 \u00b0C<\/strong> with DIN 7080 borosilicate glass<\/td>\n<\/tr>\n<tr>\n<td style=\"padding: 10px; border: 1px solid #ccc;\"><strong>Optionals:<\/strong><\/td>\n<td style=\"padding: 10px; border: 1px solid #ccc;\">Escova de limpeza SGW em PTFE ou silicone<br \/>\nIlumina\u00e7\u00e3o LED para zonas EX e N\u00e3o-EX<br \/>\nProte\u00e7\u00e3o visor FEP (para valores de pH elevados)<br \/>\nMica de prote\u00e7\u00e3o<br \/>\nDesigns especiais sob consulta<\/td>\n<\/tr>\n<\/tbody>\n<\/table>\n<p><!-- V\u00eddeo incorporado --><\/p>\n<div style=\"margin: 30px auto; max-width: 800px;\"><iframe title=\"Tank sight glass, Type 391 \u2013 ACI Industriearmaturen GmbH\" src=\"https:\/\/www.youtube.com\/embed\/9WsGsfRp1_I\" width=\"1074\" height=\"604\" frameborder=\"0\" allowfullscreen=\"allowfullscreen\"><\/iframe><\/div>\n<div style=\"text-align: center;\"><a href=\"https:\/\/aci24.com\/en\/products\/tank-sight-glass\/product\/67-circular-sight-glass-fitting-type-391-pn-16-40---pipe-assembly\" rel=\"noopener\" target=\"_blank\">Website ACI \u2013 Circular sight glass type 391<\/a><\/div>\n<p><a style=\"position: absolute; left: -9999px;\" href=\"https:\/\/www.pecta.pt\/en\/category\/aci\/\">ACI<\/a><\/p>\n<\/section>\n<\/div>\n<\/div>\n<\/div>\n<\/div>\n<\/section>\n<\/div>\n<\/div>\n","protected":false},"excerpt":{"rendered":"<p data-start=\"158\" data-end=\"272\">For welding on process lines.<\/p>\n<div>\n<p>The ACI 391 sight glass is a circular sight glass with a tubular connection, specifically designed for installation in fluid pipelines or in tanks with sharp bends.<\/p>\n<p>The inspection glass, made of borosilicate glass with high chemical resistance (DIN 7080), is securely fixed between two high-quality stainless steel flanges and gaskets of proven reliability.<\/p>\n<\/div>\n","protected":false},"featured_media":5182,"template":"","meta":{"_uag_custom_page_level_css":"","site-sidebar-layout":"default","site-content-layout":"","ast-site-content-layout":"default","site-content-style":"default","site-sidebar-style":"default","ast-global-header-display":"","ast-banner-title-visibility":"","ast-main-header-display":"","ast-hfb-above-header-display":"","ast-hfb-below-header-display":"","ast-hfb-mobile-header-display":"","site-post-title":"","ast-breadcrumbs-content":"","ast-featured-img":"","footer-sml-layout":"","ast-disable-related-posts":"","theme-transparent-header-meta":"default","adv-header-id-meta":"","stick-header-meta":"","header-above-stick-meta":"","header-main-stick-meta":"","header-below-stick-meta":"","astra-migrate-meta-layouts":"default","ast-page-background-enabled":"default","ast-page-background-meta":{"desktop":{"background-color":"var(--ast-global-color-5)","background-image":"","background-repeat":"repeat","background-position":"center center","background-size":"auto","background-attachment":"scroll","background-type":"","background-media":"","overlay-type":"","overlay-color":"","overlay-opacity":"","overlay-gradient":""},"tablet":{"background-color":"","background-image":"","background-repeat":"repeat","background-position":"center center","background-size":"auto","background-attachment":"scroll","background-type":"","background-media":"","overlay-type":"","overlay-color":"","overlay-opacity":"","overlay-gradient":""},"mobile":{"background-color":"","background-image":"","background-repeat":"repeat","background-position":"center center","background-size":"auto","background-attachment":"scroll","background-type":"","background-media":"","overlay-type":"","overlay-color":"","overlay-opacity":"","overlay-gradient":""}},"ast-content-background-meta":{"desktop":{"background-color":"var(--ast-global-color-4)","background-image":"","background-repeat":"repeat","background-position":"center center","background-size":"auto","background-attachment":"scroll","background-type":"","background-media":"","overlay-type":"","overlay-color":"","overlay-opacity":"","overlay-gradient":""},"tablet":{"background-color":"var(--ast-global-color-4)","background-image":"","background-repeat":"repeat","background-position":"center center","background-size":"auto","background-attachment":"scroll","background-type":"","background-media":"","overlay-type":"","overlay-color":"","overlay-opacity":"","overlay-gradient":""},"mobile":{"background-color":"var(--ast-global-color-4)","background-image":"","background-repeat":"repeat","background-position":"center center","background-size":"auto","background-attachment":"scroll","background-type":"","background-media":"","overlay-type":"","overlay-color":"","overlay-opacity":"","overlay-gradient":""}}},"product_brand":[],"product_cat":[343,344],"product_tag":[402,401,408,410,412,406],"class_list":{"0":"post-7498","1":"product","2":"type-product","3":"status-publish","4":"has-post-thumbnail","6":"product_cat-aci","7":"product_cat-circular-sight-glasses","8":"product_tag-aviation","9":"product_tag-food-beverages","10":"product_tag-general-industry","11":"product_tag-maritime","12":"product_tag-petrochemicals","13":"product_tag-pharmaceutical","14":"desktop-align-left","15":"tablet-align-left","16":"mobile-align-left","18":"first","19":"onbackorder","20":"downloadable","21":"virtual","22":"product-type-simple"},"uagb_featured_image_src":{"full":["https:\/\/www.pecta.pt\/wp-content\/uploads\/2025\/09\/rQXlhmdtby7qX9EPFiIvTNbedHSKBtLN3BZvtrq7h_x500.webp",667,500,false],"thumbnail":["https:\/\/www.pecta.pt\/wp-content\/uploads\/2025\/09\/rQXlhmdtby7qX9EPFiIvTNbedHSKBtLN3BZvtrq7h_x500-150x150.webp",150,150,true],"medium":["https:\/\/www.pecta.pt\/wp-content\/uploads\/2025\/09\/rQXlhmdtby7qX9EPFiIvTNbedHSKBtLN3BZvtrq7h_x500-300x225.webp",300,225,true],"medium_large":["https:\/\/www.pecta.pt\/wp-content\/uploads\/2025\/09\/rQXlhmdtby7qX9EPFiIvTNbedHSKBtLN3BZvtrq7h_x500.webp",667,500,false],"large":["https:\/\/www.pecta.pt\/wp-content\/uploads\/2025\/09\/rQXlhmdtby7qX9EPFiIvTNbedHSKBtLN3BZvtrq7h_x500.webp",667,500,false],"1536x1536":["https:\/\/www.pecta.pt\/wp-content\/uploads\/2025\/09\/rQXlhmdtby7qX9EPFiIvTNbedHSKBtLN3BZvtrq7h_x500.webp",667,500,false],"2048x2048":["https:\/\/www.pecta.pt\/wp-content\/uploads\/2025\/09\/rQXlhmdtby7qX9EPFiIvTNbedHSKBtLN3BZvtrq7h_x500.webp",667,500,false],"woocommerce_thumbnail":["https:\/\/www.pecta.pt\/wp-content\/uploads\/2025\/09\/rQXlhmdtby7qX9EPFiIvTNbedHSKBtLN3BZvtrq7h_x500-300x300.webp",300,300,true],"woocommerce_single":["https:\/\/www.pecta.pt\/wp-content\/uploads\/2025\/09\/rQXlhmdtby7qX9EPFiIvTNbedHSKBtLN3BZvtrq7h_x500-600x450.webp",600,450,true],"woocommerce_gallery_thumbnail":["https:\/\/www.pecta.pt\/wp-content\/uploads\/2025\/09\/rQXlhmdtby7qX9EPFiIvTNbedHSKBtLN3BZvtrq7h_x500-100x100.webp",100,100,true]},"uagb_author_info":{"display_name":"josemario","author_link":"https:\/\/www.pecta.pt\/en\/author\/"},"uagb_comment_info":0,"uagb_excerpt":"For welding on process lines. The ACI 391 sight glass is a circular sight glass with a tubular connection, specifically designed for installation in fluid pipelines or in tanks with sharp bends. The inspection glass, made of borosilicate glass with high chemical resistance (DIN 7080), is securely fixed between two high-quality stainless steel flanges and&hellip;","_links":{"self":[{"href":"https:\/\/www.pecta.pt\/en\/wp-json\/wp\/v2\/product\/7498","targetHints":{"allow":["GET"]}}],"collection":[{"href":"https:\/\/www.pecta.pt\/en\/wp-json\/wp\/v2\/product"}],"about":[{"href":"https:\/\/www.pecta.pt\/en\/wp-json\/wp\/v2\/types\/product"}],"wp:featuredmedia":[{"embeddable":true,"href":"https:\/\/www.pecta.pt\/en\/wp-json\/wp\/v2\/media\/5182"}],"wp:attachment":[{"href":"https:\/\/www.pecta.pt\/en\/wp-json\/wp\/v2\/media?parent=7498"}],"wp:term":[{"taxonomy":"product_brand","embeddable":true,"href":"https:\/\/www.pecta.pt\/en\/wp-json\/wp\/v2\/product_brand?post=7498"},{"taxonomy":"product_cat","embeddable":true,"href":"https:\/\/www.pecta.pt\/en\/wp-json\/wp\/v2\/product_cat?post=7498"},{"taxonomy":"product_tag","embeddable":true,"href":"https:\/\/www.pecta.pt\/en\/wp-json\/wp\/v2\/product_tag?post=7498"}],"curies":[{"name":"wp","href":"https:\/\/api.w.org\/{rel}","templated":true}]}}